{"id":540,"date":"2026-02-13T16:13:48","date_gmt":"2026-02-13T16:13:48","guid":{"rendered":"https:\/\/antroproyectos2026.strattos.online\/?page_id=540"},"modified":"2026-03-10T19:52:31","modified_gmt":"2026-03-10T19:52:31","slug":"proyectos","status":"publish","type":"page","link":"https:\/\/antroproyectos2026.strattos.online\/en\/proyectos\/","title":{"rendered":"Proyectos"},"content":{"rendered":"<div data-elementor-type=\"wp-page\" data-elementor-id=\"540\" class=\"elementor elementor-540\" data-elementor-settings=\"{&quot;ha_cmc_init_switcher&quot;:&quot;no&quot;}\" data-elementor-post-type=\"page\">\n\t\t\t\t<div class=\"elementor-element elementor-element-65830b9 e-flex e-con-boxed e-con e-parent\" data-id=\"65830b9\" data-element_type=\"container\" data-e-type=\"container\" data-settings=\"{&quot;background_background&quot;:&quot;classic&quot;,&quot;_ha_eqh_enable&quot;:false,&quot;ekit_has_onepagescroll_dot&quot;:&quot;yes&quot;}\">\n\t\t\t\t\t<div class=\"e-con-inner\">\n\t\t<div class=\"elementor-element elementor-element-2cc4b66 e-con-full e-flex e-con e-child\" data-id=\"2cc4b66\" data-element_type=\"container\" data-e-type=\"container\" data-settings=\"{&quot;_ha_eqh_enable&quot;:false,&quot;ekit_has_onepagescroll_dot&quot;:&quot;yes&quot;}\">\n\t\t<div class=\"elementor-element elementor-element-fcef414 e-con-full e-flex e-con e-child\" data-id=\"fcef414\" data-element_type=\"container\" data-e-type=\"container\" data-settings=\"{&quot;_ha_eqh_enable&quot;:false,&quot;ekit_has_onepagescroll_dot&quot;:&quot;yes&quot;}\">\n\t\t\t\t<div class=\"elementor-element elementor-element-890c3f8 elementor-widget__width-initial elementor-icon-list--layout-traditional elementor-list-item-link-full_width ha-has-bg-overlay elementor-invisible elementor-widget elementor-widget-icon-list\" data-id=\"890c3f8\" data-element_type=\"widget\" data-e-type=\"widget\" data-settings=\"{&quot;_animation&quot;:&quot;fadeIn&quot;,&quot;_animation_delay&quot;:300,&quot;ekit_we_effect_on&quot;:&quot;none&quot;}\" data-widget_type=\"icon-list.default\">\n\t\t\t\t\t\t\t<ul class=\"elementor-icon-list-items\">\n\t\t\t\t\t\t\t<li class=\"elementor-icon-list-item\">\n\t\t\t\t\t\t\t\t\t\t\t<span class=\"elementor-icon-list-icon\">\n\t\t\t\t\t\t\t<svg aria-hidden=\"true\" class=\"e-font-icon-svg e-fas-circle\" viewbox=\"0 0 512 512\" xmlns=\"http:\/\/www.w3.org\/2000\/svg\"><path d=\"M256 8C119 8 8 119 8 256s111 248 248 248 248-111 248-248S393 8 256 8z\"><\/path><\/svg>\t\t\t\t\t\t<\/span>\n\t\t\t\t\t\t\t\t\t\t<span class=\"elementor-icon-list-text\">Experiences<\/span>\n\t\t\t\t\t\t\t\t\t<\/li>\n\t\t\t\t\t\t<\/ul>\n\t\t\t\t\t\t<\/div>\n\t\t\t\t<\/div>\n\t\t<div class=\"elementor-element elementor-element-59b17c4 e-con-full e-flex e-con e-child\" data-id=\"59b17c4\" data-element_type=\"container\" data-e-type=\"container\" data-settings=\"{&quot;_ha_eqh_enable&quot;:false,&quot;ekit_has_onepagescroll_dot&quot;:&quot;yes&quot;}\">\n\t\t\t\t<div class=\"elementor-element elementor-element-879c4e8 elementor-widget__width-initial elementor-invisible elementor-widget elementor-widget-heading\" data-id=\"879c4e8\" data-element_type=\"widget\" data-e-type=\"widget\" data-settings=\"{&quot;_animation&quot;:&quot;fadeIn&quot;,&quot;ekit_we_effect_on&quot;:&quot;none&quot;}\" data-widget_type=\"heading.default\">\n\t\t\t\t\t<h1 class=\"elementor-heading-title elementor-size-default\">Applied experience in strategic projects<\/h1>\t\t\t\t<\/div>\n\t\t\t\t<\/div>\n\t\t<div class=\"elementor-element elementor-element-8c10794 e-con-full e-flex e-con e-child\" data-id=\"8c10794\" data-element_type=\"container\" data-e-type=\"container\" data-settings=\"{&quot;_ha_eqh_enable&quot;:false,&quot;ekit_has_onepagescroll_dot&quot;:&quot;yes&quot;}\">\n\t\t\t\t<div class=\"elementor-element elementor-element-fd356fa elementor-align-right elementor-mobile-align-left elementor-invisible elementor-widget elementor-widget-button\" data-id=\"fd356fa\" data-element_type=\"widget\" data-e-type=\"widget\" data-settings=\"{&quot;_animation&quot;:&quot;fadeIn&quot;,&quot;_animation_delay&quot;:200,&quot;ekit_we_effect_on&quot;:&quot;none&quot;}\" data-widget_type=\"button.default\">\n\t\t\t\t\t\t\t\t\t\t<a class=\"elementor-button elementor-button-link elementor-size-sm\" href=\"https:\/\/antroproyectos2026.strattos.online\/en\/contacto\/\">\n\t\t\t\t\t\t<span class=\"elementor-button-content-wrapper\">\n\t\t\t\t\t\t<span class=\"elementor-button-icon\">\n\t\t\t\t<i aria-hidden=\"true\" class=\"icon icon-right-arrow\"><\/i>\t\t\t<\/span>\n\t\t\t\t\t\t\t\t\t<span class=\"elementor-button-text\">Contact us<\/span>\n\t\t\t\t\t<\/span>\n\t\t\t\t\t<\/a>\n\t\t\t\t\t\t\t\t<\/div>\n\t\t\t\t<\/div>\n\t\t\t\t<div class=\"elementor-element elementor-element-3f318a3 elementor-widget-divider--view-line elementor-widget elementor-widget-divider\" data-id=\"3f318a3\" data-element_type=\"widget\" data-e-type=\"widget\" data-settings=\"{&quot;ekit_we_effect_on&quot;:&quot;none&quot;}\" data-widget_type=\"divider.default\">\n\t\t\t\t\t\t\t<div class=\"elementor-divider\">\n\t\t\t<span class=\"elementor-divider-separator\">\n\t\t\t\t\t\t<\/span>\n\t\t<\/div>\n\t\t\t\t\t\t<\/div>\n\t\t\t\t<\/div>\n\t\t\t\t\t<\/div>\n\t\t\t\t<\/div>\n\t\t<div class=\"elementor-element elementor-element-85385f0 e-flex e-con-boxed e-con e-parent\" data-id=\"85385f0\" data-element_type=\"container\" data-e-type=\"container\" data-settings=\"{&quot;_ha_eqh_enable&quot;:false,&quot;ekit_has_onepagescroll_dot&quot;:&quot;yes&quot;}\">\n\t\t\t\t\t<div class=\"e-con-inner\">\n\t\t<div class=\"elementor-element elementor-element-2dac594 e-con-full e-flex e-con e-child\" data-id=\"2dac594\" data-element_type=\"container\" data-e-type=\"container\" data-settings=\"{&quot;_ha_eqh_enable&quot;:false,&quot;ekit_has_onepagescroll_dot&quot;:&quot;yes&quot;}\">\n\t\t\t\t<div class=\"elementor-element elementor-element-4225fdd elementor-position-inline-start elementor-widget__width-initial elementor-view-default ha-has-bg-overlay elementor-widget elementor-widget-icon-box\" data-id=\"4225fdd\" data-element_type=\"widget\" data-e-type=\"widget\" data-settings=\"{&quot;ekit_we_effect_on&quot;:&quot;none&quot;}\" data-widget_type=\"icon-box.default\">\n\t\t\t\t\t\t\t<div class=\"elementor-icon-box-wrapper\">\n\n\t\t\t\t\t\t<div class=\"elementor-icon-box-icon\">\n\t\t\t\t<span  class=\"elementor-icon\">\n\t\t\t\t<svg xmlns=\"http:\/\/www.w3.org\/2000\/svg\" id=\"Layer_2\" data-name=\"Layer 2\" viewbox=\"0 0 278.86 275.1\"><defs><style>      .cls-1 {        fill: #1d2530;      }      .cls-2 {        fill: #94bd72;      }    <\/style><\/defs><g id=\"Layer_1-2\" data-name=\"Layer 1\"><path class=\"cls-1\" d=\"M149.87,183.07c0-9.78-.03-19.57.01-29.35.03-5.59,1.89-7.47,7.53-7.48,19.02-.04,38.04-.24,57.05.04,33.53.5,60.34,24.32,64,57.62,3.9,35.54-21.06,65.22-53.45,70.26-36.22,5.64-68.02-17.46-74.29-53.51-.57-3.27-.78-6.63-.82-9.95-.11-9.21-.04-18.41-.04-27.62Z\"><\/path><path class=\"cls-2\" d=\"M134.08,128.33c-10.03,0-20.06.02-30.09-.01-5-.02-7.23-1.8-7.22-6.72.05-21.74-1.2-43.53.66-65.22C99.87,27.95,125.07,3.04,153.37.38c28.37-2.67,49.78,8.61,64.27,32.86,13.36,22.36,9.35,54.64-8.47,73.63-13.65,14.54-30.3,21.65-50.2,21.46-8.3-.08-16.6-.01-24.9-.01Z\"><\/path><path class=\"cls-1\" d=\"M128.65,184.73c0,8.97,0,17.95,0,26.92-.02,30.53-22.56,57.21-52.77,62.45-34.51,5.99-67.3-15.68-74.42-49.9-8.64-41.54,22.19-75.25,57.65-77.46,21.17-1.32,42.38-.33,63.58-.44,4.21-.02,5.93,2.04,5.95,6.33.03,10.7.01,21.4.01,32.1Z\"><\/path><\/g><\/svg>\t\t\t\t<\/span>\n\t\t\t<\/div>\n\t\t\t\n\t\t\t\t\t\t<div class=\"elementor-icon-box-content\">\n\n\t\t\t\t\n\t\t\t\t\t\t\t\t\t<p class=\"elementor-icon-box-description\">\n\t\t\t\t\t\tWe operate with technical rigor, multilateral expertise and advanced technology.\t\t\t\t\t<\/p>\n\t\t\t\t\n\t\t\t<\/div>\n\t\t\t\n\t\t<\/div>\n\t\t\t\t\t\t<\/div>\n\t\t\t\t<div class=\"elementor-element elementor-element-f01449b elementor-hidden-desktop elementor-hidden-tablet elementor-hidden-mobile elementor-widget elementor-widget-image\" data-id=\"f01449b\" data-element_type=\"widget\" data-e-type=\"widget\" data-settings=\"{&quot;ekit_we_effect_on&quot;:&quot;none&quot;}\" data-widget_type=\"image.default\">\n\t\t\t\t\t\t\t\t\t\t\t\t\t\t\t<img fetchpriority=\"high\" decoding=\"async\" width=\"800\" height=\"593\" src=\"https:\/\/antroproyectos2026.strattos.online\/wp-content\/uploads\/2026\/02\/44.jpg\" class=\"attachment-large size-large wp-image-549\" alt=\"proyectos estrat\u00e9gicos en territorio\" srcset=\"https:\/\/antroproyectos2026.strattos.online\/wp-content\/uploads\/2026\/02\/44.jpg 1000w, https:\/\/antroproyectos2026.strattos.online\/wp-content\/uploads\/2026\/02\/44-300x222.jpg 300w, https:\/\/antroproyectos2026.strattos.online\/wp-content\/uploads\/2026\/02\/44-768x569.jpg 768w\" sizes=\"(max-width: 800px) 100vw, 800px\" \/>\t\t\t\t\t\t\t\t\t\t\t\t\t\t\t<\/div>\n\t\t\t\t<\/div>\n\t\t<div class=\"elementor-element elementor-element-7117fc4 e-con-full e-flex e-con e-child\" data-id=\"7117fc4\" data-element_type=\"container\" data-e-type=\"container\" data-settings=\"{&quot;_ha_eqh_enable&quot;:false,&quot;ekit_has_onepagescroll_dot&quot;:&quot;yes&quot;}\">\n\t\t\t\t<div class=\"elementor-element elementor-element-683932d0 elementor-widget elementor-widget-heading\" data-id=\"683932d0\" data-element_type=\"widget\" data-e-type=\"widget\" data-settings=\"{&quot;ekit_we_effect_on&quot;:&quot;none&quot;}\" data-widget_type=\"heading.default\">\n\t\t\t\t\t<h2 class=\"elementor-heading-title elementor-size-default\">Implementation in real-world scenarios with a field-applied model<\/h2>\t\t\t\t<\/div>\n\t\t\t\t<div class=\"elementor-element elementor-element-19824c06 elementor-widget__width-initial elementor-widget elementor-widget-text-editor\" data-id=\"19824c06\" data-element_type=\"widget\" data-e-type=\"widget\" data-settings=\"{&quot;ekit_we_effect_on&quot;:&quot;none&quot;}\" data-widget_type=\"text-editor.default\">\n\t\t\t\t\t\t\t\t\t<p>Projects developed by Antroproyectos reflect the operational application of our integrated model across diverse territorial contexts in the region. Each intervention is aimed at structuring project viability through territorial management, multilateral compliance, strategic intelligence and informed decision-making.<\/p>\t\t\t\t\t\t\t\t<\/div>\n\t\t\t\t<div class=\"elementor-element elementor-element-932b8dc elementor-align-left elementor-invisible elementor-widget elementor-widget-button\" data-id=\"932b8dc\" data-element_type=\"widget\" data-e-type=\"widget\" data-settings=\"{&quot;_animation&quot;:&quot;fadeIn&quot;,&quot;ekit_we_effect_on&quot;:&quot;none&quot;}\" data-widget_type=\"button.default\">\n\t\t\t\t\t\t\t\t\t\t<a class=\"elementor-button elementor-button-link elementor-size-sm\" href=\"tel:+593981154098\">\n\t\t\t\t\t\t<span class=\"elementor-button-content-wrapper\">\n\t\t\t\t\t\t<span class=\"elementor-button-icon\">\n\t\t\t\t<svg aria-hidden=\"true\" class=\"e-font-icon-svg e-fas-phone\" viewbox=\"0 0 512 512\" xmlns=\"http:\/\/www.w3.org\/2000\/svg\"><path d=\"M493.4 24.6l-104-24c-11.3-2.6-22.9 3.3-27.5 13.9l-48 112c-4.2 9.8-1.4 21.3 6.9 28l60.6 49.6c-36 76.7-98.9 140.5-177.2 177.2l-49.6-60.6c-6.8-8.3-18.2-11.1-28-6.9l-112 48C3.9 366.5-2 378.1.6 389.4l24 104C27.1 504.2 36.7 512 48 512c256.1 0 464-207.5 464-464 0-11.2-7.7-20.9-18.6-23.4z\"><\/path><\/svg>\t\t\t<\/span>\n\t\t\t\t\t\t\t\t\t<span class=\"elementor-button-text\">Contact us<\/span>\n\t\t\t\t\t<\/span>\n\t\t\t\t\t<\/a>\n\t\t\t\t\t\t\t\t<\/div>\n\t\t\t\t<\/div>\n\t\t\t\t\t<\/div>\n\t\t\t\t<\/div>\n\t\t<div class=\"elementor-element elementor-element-51b07bd e-flex e-con-boxed e-con e-parent\" data-id=\"51b07bd\" data-element_type=\"container\" data-e-type=\"container\" data-settings=\"{&quot;_ha_eqh_enable&quot;:false,&quot;ekit_has_onepagescroll_dot&quot;:&quot;yes&quot;}\">\n\t\t\t\t\t<div class=\"e-con-inner\">\n\t\t\t\t<div class=\"elementor-element elementor-element-5f0addf ha-pg-grid-4 ha-pg-grid-tablet-2 ha-pg-grid-mobile-1 elementor-widget elementor-widget-ha-post-grid-new happy-addon ha-post-grid-new happy-addon-pro\" data-id=\"5f0addf\" data-element_type=\"widget\" data-e-type=\"widget\" data-settings=\"{&quot;columns&quot;:&quot;4&quot;,&quot;columns_tablet&quot;:&quot;2&quot;,&quot;columns_mobile&quot;:&quot;1&quot;,&quot;ekit_we_effect_on&quot;:&quot;none&quot;}\" data-widget_type=\"ha-post-grid-new.default\">\n\t\t\t\t\t\t\t\t\t\t\t<div class=\"ha-pg-wrapper ha-pg-default ha-pg-classic\">\n\t\t\t\t\t<div class=\"ha-pg-grid-wrap\">\n\t\t\t\t\t\n\t\t\t\t\t\t\t\t<div class=\"ha-pg-item\">\n\t\t\t\t\t\t\t<div class=\"ha-pg-thumb-area\">\n\t\t\t\t\t<a href=\"https:\/\/antroproyectos2026.strattos.online\/en\/plan-de-relacionamiento-comunitario-y-gestion-social\/\" class=\"ha-pg-thumb\">\n\t\t\t\t\t\t<img decoding=\"async\" width=\"800\" height=\"534\" src=\"https:\/\/antroproyectos2026.strattos.online\/wp-content\/uploads\/2026\/03\/pmc.jpg\" class=\"attachment-large size-large wp-post-image\" alt=\"\" srcset=\"https:\/\/antroproyectos2026.strattos.online\/wp-content\/uploads\/2026\/03\/pmc.jpg 1024w, https:\/\/antroproyectos2026.strattos.online\/wp-content\/uploads\/2026\/03\/pmc-300x200.jpg 300w, https:\/\/antroproyectos2026.strattos.online\/wp-content\/uploads\/2026\/03\/pmc-768x512.jpg 768w, https:\/\/antroproyectos2026.strattos.online\/wp-content\/uploads\/2026\/03\/pmc-18x12.jpg 18w\" sizes=\"(max-width: 800px) 100vw, 800px\" \/>\t\t\t\t\t<\/a>\n\t\t\t\t\t\t\t\t<div class=\"ha-pg-badge\">\n\t\t\t\t<a href=\"https:\/\/antroproyectos2026.strattos.online\/en\/tag\/prefectura-del-guayas\/\" class=\"ha-pg-badge-taxonomy\" rel=\"tag\">Provincial Government of Guayas<\/a>\t\t\t<\/div>\n\t\t\t\t\t\t<\/div>\n\t\t\t\t\t\t<div class=\"ha-pg-content-area\">\n\n\t\t\t\t<div class=\"ha-pg-title\"><a href=\"https:\/\/antroproyectos2026.strattos.online\/en\/plan-de-relacionamiento-comunitario-y-gestion-social\/\">Community engagement and social management plan<\/a><\/div>\n\t\t\t\t\n\t\t\t\t\t\t\t<div class=\"ha-pg-excerpt\">\n\t\t\t\t<p>Design of a community engagement plan to structure the social management of a project,\u2026<\/p>\t\t\t<\/div>\n\t\t\n\t\t\t\t<div class=\"ha-pg-readmore\"><a href=\"https:\/\/antroproyectos2026.strattos.online\/en\/plan-de-relacionamiento-comunitario-y-gestion-social\/\" target=\"_blank\">Read more \u00bb<\/a><\/div>\t\t\t<\/div>\n\t\t<\/div>\n\t\n\t\t\t\t\t\n\t\t\t\t\t\t\t\t<div class=\"ha-pg-item\">\n\t\t\t\t\t\t\t<div class=\"ha-pg-thumb-area\">\n\t\t\t\t\t<a href=\"https:\/\/antroproyectos2026.strattos.online\/en\/socializacion-participacion-ronda-intracampos\/\" class=\"ha-pg-thumb\">\n\t\t\t\t\t\t<img decoding=\"async\" width=\"800\" height=\"534\" src=\"https:\/\/antroproyectos2026.strattos.online\/wp-content\/uploads\/2026\/03\/26-d-Junio_1-1024x683.jpg\" class=\"attachment-large size-large wp-post-image\" alt=\"\" srcset=\"https:\/\/antroproyectos2026.strattos.online\/wp-content\/uploads\/2026\/03\/26-d-Junio_1-1024x683.jpg 1024w, https:\/\/antroproyectos2026.strattos.online\/wp-content\/uploads\/2026\/03\/26-d-Junio_1-300x200.jpg 300w, https:\/\/antroproyectos2026.strattos.online\/wp-content\/uploads\/2026\/03\/26-d-Junio_1-768x512.jpg 768w, https:\/\/antroproyectos2026.strattos.online\/wp-content\/uploads\/2026\/03\/26-d-Junio_1-1536x1024.jpg 1536w, https:\/\/antroproyectos2026.strattos.online\/wp-content\/uploads\/2026\/03\/26-d-Junio_1-2048x1365.jpg 2048w, https:\/\/antroproyectos2026.strattos.online\/wp-content\/uploads\/2026\/03\/26-d-Junio_1-18x12.jpg 18w\" sizes=\"(max-width: 800px) 100vw, 800px\" \/>\t\t\t\t\t<\/a>\n\t\t\t\t\t\t\t\t<div class=\"ha-pg-badge\">\n\t\t\t\t<a href=\"https:\/\/antroproyectos2026.strattos.online\/en\/tag\/ministerio-de-energia-y-recursos-naturales-no-renovables\/\" class=\"ha-pg-badge-taxonomy\" rel=\"tag\">Ministry of Energy and Non-Renewable Natural Resources<\/a>\t\t\t<\/div>\n\t\t\t\t\t\t<\/div>\n\t\t\t\t\t\t<div class=\"ha-pg-content-area\">\n\n\t\t\t\t<div class=\"ha-pg-title\"><a href=\"https:\/\/antroproyectos2026.strattos.online\/en\/socializacion-participacion-ronda-intracampos\/\">Community socialization and participation process \u2013 Ronda Intracampos II<\/a><\/div>\n\t\t\t\t\n\t\t\t\t\t\t\t<div class=\"ha-pg-excerpt\">\n\t\t\t\t<p>Community outreach and participation process for Ronda Intracampos II, facilitating territorial dialogue with\u2026<\/p>\t\t\t<\/div>\n\t\t\n\t\t\t\t<div class=\"ha-pg-readmore\"><a href=\"https:\/\/antroproyectos2026.strattos.online\/en\/socializacion-participacion-ronda-intracampos\/\" target=\"_blank\">Read more \u00bb<\/a><\/div>\t\t\t<\/div>\n\t\t<\/div>\n\t\n\t\t\t\t\t\n\t\t\t\t\t\t\t\t<div class=\"ha-pg-item\">\n\t\t\t\t\t\t\t<div class=\"ha-pg-thumb-area\">\n\t\t\t\t\t<a href=\"https:\/\/antroproyectos2026.strattos.online\/en\/analisis-socioeconomico-linea-metro-lima\/\" class=\"ha-pg-thumb\">\n\t\t\t\t\t\t<img loading=\"lazy\" decoding=\"async\" width=\"800\" height=\"534\" src=\"https:\/\/antroproyectos2026.strattos.online\/wp-content\/uploads\/2026\/03\/linea2.png\" class=\"attachment-large size-large wp-post-image\" alt=\"\" srcset=\"https:\/\/antroproyectos2026.strattos.online\/wp-content\/uploads\/2026\/03\/linea2.png 1024w, https:\/\/antroproyectos2026.strattos.online\/wp-content\/uploads\/2026\/03\/linea2-300x200.png 300w, https:\/\/antroproyectos2026.strattos.online\/wp-content\/uploads\/2026\/03\/linea2-768x512.png 768w, https:\/\/antroproyectos2026.strattos.online\/wp-content\/uploads\/2026\/03\/linea2-18x12.png 18w\" sizes=\"(max-width: 800px) 100vw, 800px\" \/>\t\t\t\t\t<\/a>\n\t\t\t\t\t\t\t\t<div class=\"ha-pg-badge\">\n\t\t\t\t<a href=\"https:\/\/antroproyectos2026.strattos.online\/en\/tag\/walsh-peru-s-a\/\" class=\"ha-pg-badge-taxonomy\" rel=\"tag\">Walsh Per\u00fa S.A.<\/a>\t\t\t<\/div>\n\t\t\t\t\t\t<\/div>\n\t\t\t\t\t\t<div class=\"ha-pg-content-area\">\n\n\t\t\t\t<div class=\"ha-pg-title\"><a href=\"https:\/\/antroproyectos2026.strattos.online\/en\/analisis-socioeconomico-linea-metro-lima\/\">Socioeconomic analysis for economic displacement \u2013 Lima Metro Line 2<\/a><\/div>\n\t\t\t\t\n\t\t\t\t\t\t\t<div class=\"ha-pg-excerpt\">\n\t\t\t\t<p>Socioeconomic analysis of economic displacement associated with the construction of L\u00ednea 2 del Metro\u2026<\/p>\t\t\t<\/div>\n\t\t\n\t\t\t\t<div class=\"ha-pg-readmore\"><a href=\"https:\/\/antroproyectos2026.strattos.online\/en\/analisis-socioeconomico-linea-metro-lima\/\" target=\"_blank\">Read more \u00bb<\/a><\/div>\t\t\t<\/div>\n\t\t<\/div>\n\t\n\t\t\t\t\t\n\t\t\t\t\t\t\t\t<div class=\"ha-pg-item\">\n\t\t\t\t\t\t\t<div class=\"ha-pg-thumb-area\">\n\t\t\t\t\t<a href=\"https:\/\/antroproyectos2026.strattos.online\/en\/estudios-sociales-cobra-real-concepcion\/\" class=\"ha-pg-thumb\">\n\t\t\t\t\t\t<img loading=\"lazy\" decoding=\"async\" width=\"800\" height=\"534\" src=\"https:\/\/antroproyectos2026.strattos.online\/wp-content\/uploads\/2026\/03\/38410.jpg\" class=\"attachment-large size-large wp-post-image\" alt=\"\" srcset=\"https:\/\/antroproyectos2026.strattos.online\/wp-content\/uploads\/2026\/03\/38410.jpg 1000w, https:\/\/antroproyectos2026.strattos.online\/wp-content\/uploads\/2026\/03\/38410-300x200.jpg 300w, https:\/\/antroproyectos2026.strattos.online\/wp-content\/uploads\/2026\/03\/38410-768x512.jpg 768w, https:\/\/antroproyectos2026.strattos.online\/wp-content\/uploads\/2026\/03\/38410-18x12.jpg 18w\" sizes=\"(max-width: 800px) 100vw, 800px\" \/>\t\t\t\t\t<\/a>\n\t\t\t\t\t\t\t\t<div class=\"ha-pg-badge\">\n\t\t\t\t<a href=\"https:\/\/antroproyectos2026.strattos.online\/en\/tag\/newcrest-mining-ltd\/\" class=\"ha-pg-badge-taxonomy\" rel=\"tag\">Newcrest Mining Ltd.<\/a>\t\t\t<\/div>\n\t\t\t\t\t\t<\/div>\n\t\t\t\t\t\t<div class=\"ha-pg-content-area\">\n\n\t\t\t\t<div class=\"ha-pg-title\"><a href=\"https:\/\/antroproyectos2026.strattos.online\/en\/estudios-sociales-cobra-real-concepcion\/\">Social studies for Cobra Real and Concepci\u00f3n mining concessions<\/a><\/div>\n\t\t\t\t\n\t\t\t\t\t\t\t<div class=\"ha-pg-excerpt\">\n\t\t\t\t<p>Strategic social research for mining concessions through community assessment, stakeholder mapping and sensitivity analysis\u2026<\/p>\t\t\t<\/div>\n\t\t\n\t\t\t\t<div class=\"ha-pg-readmore\"><a href=\"https:\/\/antroproyectos2026.strattos.online\/en\/estudios-sociales-cobra-real-concepcion\/\" target=\"_blank\">Read more \u00bb<\/a><\/div>\t\t\t<\/div>\n\t\t<\/div>\n\t\n\t\t\t\t\t\n\t\t\t\t\t\t\t\t<div class=\"ha-pg-item\">\n\t\t\t\t\t\t\t<div class=\"ha-pg-thumb-area\">\n\t\t\t\t\t<a href=\"https:\/\/antroproyectos2026.strattos.online\/en\/instrumentos-gestion-ambiental-y-social\/\" class=\"ha-pg-thumb\">\n\t\t\t\t\t\t<img loading=\"lazy\" decoding=\"async\" width=\"800\" height=\"600\" src=\"https:\/\/antroproyectos2026.strattos.online\/wp-content\/uploads\/2026\/03\/WhatsApp-Image-2026-03-16-at-16.54.58-1-1024x768.jpeg\" class=\"attachment-large size-large wp-post-image\" alt=\"\" srcset=\"https:\/\/antroproyectos2026.strattos.online\/wp-content\/uploads\/2026\/03\/WhatsApp-Image-2026-03-16-at-16.54.58-1-1024x768.jpeg 1024w, https:\/\/antroproyectos2026.strattos.online\/wp-content\/uploads\/2026\/03\/WhatsApp-Image-2026-03-16-at-16.54.58-1-300x225.jpeg 300w, https:\/\/antroproyectos2026.strattos.online\/wp-content\/uploads\/2026\/03\/WhatsApp-Image-2026-03-16-at-16.54.58-1-768x576.jpeg 768w, https:\/\/antroproyectos2026.strattos.online\/wp-content\/uploads\/2026\/03\/WhatsApp-Image-2026-03-16-at-16.54.58-1-1536x1152.jpeg 1536w, https:\/\/antroproyectos2026.strattos.online\/wp-content\/uploads\/2026\/03\/WhatsApp-Image-2026-03-16-at-16.54.58-1-16x12.jpeg 16w, https:\/\/antroproyectos2026.strattos.online\/wp-content\/uploads\/2026\/03\/WhatsApp-Image-2026-03-16-at-16.54.58-1.jpeg 1600w\" sizes=\"(max-width: 800px) 100vw, 800px\" \/>\t\t\t\t\t<\/a>\n\t\t\t\t\t\t\t\t<div class=\"ha-pg-badge\">\n\t\t\t\t<a href=\"https:\/\/antroproyectos2026.strattos.online\/en\/tag\/ministerio-de-transporte-y-obras-publicas\/\" class=\"ha-pg-badge-taxonomy\" rel=\"tag\">Ministry of Transport and Public Works<\/a>\t\t\t<\/div>\n\t\t\t\t\t\t<\/div>\n\t\t\t\t\t\t<div class=\"ha-pg-content-area\">\n\n\t\t\t\t<div class=\"ha-pg-title\"><a href=\"https:\/\/antroproyectos2026.strattos.online\/en\/instrumentos-gestion-ambiental-y-social\/\">Environmental and social management instruments for the resilient reconstruction of the state road network<\/a><\/div>\n\t\t\t\t\n\t\t\t\t\t\t\t<div class=\"ha-pg-excerpt\">\n\t\t\t\t<p>Design of environmental and social management instruments for the resilient reconstruction program of\u2026<\/p>\t\t\t<\/div>\n\t\t\n\t\t\t\t<div class=\"ha-pg-readmore\"><a href=\"https:\/\/antroproyectos2026.strattos.online\/en\/instrumentos-gestion-ambiental-y-social\/\" target=\"_blank\">Read more \u00bb<\/a><\/div>\t\t\t<\/div>\n\t\t<\/div>\n\t\n\t\t\t\t\t\n\t\t\t\t\t\t\t\t<div class=\"ha-pg-item\">\n\t\t\t\t\t\t\t<div class=\"ha-pg-thumb-area\">\n\t\t\t\t\t<a href=\"https:\/\/antroproyectos2026.strattos.online\/en\/topo-rio-negro-ecuagesa\/\" class=\"ha-pg-thumb\">\n\t\t\t\t\t\t<img loading=\"lazy\" decoding=\"async\" width=\"800\" height=\"534\" src=\"https:\/\/antroproyectos2026.strattos.online\/wp-content\/uploads\/2026\/02\/topo.png\" class=\"attachment-large size-large wp-post-image\" alt=\"\" srcset=\"https:\/\/antroproyectos2026.strattos.online\/wp-content\/uploads\/2026\/02\/topo.png 1024w, https:\/\/antroproyectos2026.strattos.online\/wp-content\/uploads\/2026\/02\/topo-300x200.png 300w, https:\/\/antroproyectos2026.strattos.online\/wp-content\/uploads\/2026\/02\/topo-768x512.png 768w, https:\/\/antroproyectos2026.strattos.online\/wp-content\/uploads\/2026\/02\/topo-18x12.png 18w\" sizes=\"(max-width: 800px) 100vw, 800px\" \/>\t\t\t\t\t<\/a>\n\t\t\t\t\t\t\t\t<div class=\"ha-pg-badge\">\n\t\t\t\t<a href=\"https:\/\/antroproyectos2026.strattos.online\/en\/tag\/proyectos-energeticos-ecuagesa-s-a\/\" class=\"ha-pg-badge-taxonomy\" rel=\"tag\">Proyectos Energ\u00e9ticos ECUAGESA S.A.<\/a>\t\t\t<\/div>\n\t\t\t\t\t\t<\/div>\n\t\t\t\t\t\t<div class=\"ha-pg-content-area\">\n\n\t\t\t\t<div class=\"ha-pg-title\"><a href=\"https:\/\/antroproyectos2026.strattos.online\/en\/topo-rio-negro-ecuagesa\/\">Community and environmental and social management for the Topo, Topo II and R\u00edo Negro hydroelectric complex (ECUAGESA)<\/a><\/div>\n\t\t\t\t\n\t\t\t\t\t\t\t<div class=\"ha-pg-excerpt\">\n\t\t\t\t<p>Comprehensive management of community relations and prevention of environmental and social impacts for a hydroelectric complex, through\u2026<\/p>\t\t\t<\/div>\n\t\t\n\t\t\t\t<div class=\"ha-pg-readmore\"><a href=\"https:\/\/antroproyectos2026.strattos.online\/en\/topo-rio-negro-ecuagesa\/\" target=\"_blank\">Read more \u00bb<\/a><\/div>\t\t\t<\/div>\n\t\t<\/div>\n\t\n\t\t\t\t\t\t\t\t\t\t\t\t\t\t\t<\/div>\n\t\t\t\t\t\t\t\t\t<\/div>\n\t\t\t\t\t\t\t\t\t<\/div>\n\t\t\t\t\t<\/div>\n\t\t\t\t<\/div>\n\t\t<div class=\"elementor-element elementor-element-4fab97d e-flex e-con-boxed e-con e-parent\" data-id=\"4fab97d\" data-element_type=\"container\" data-e-type=\"container\" data-settings=\"{&quot;_ha_eqh_enable&quot;:false,&quot;ekit_has_onepagescroll_dot&quot;:&quot;yes&quot;}\">\n\t\t\t\t\t<div class=\"e-con-inner\">\n\t\t\t\t<div class=\"elementor-element elementor-element-2f22097 elementor-widget elementor-widget-spacer\" data-id=\"2f22097\" data-element_type=\"widget\" data-e-type=\"widget\" data-settings=\"{&quot;ekit_we_effect_on&quot;:&quot;none&quot;}\" data-widget_type=\"spacer.default\">\n\t\t\t\t\t\t\t<div class=\"elementor-spacer\">\n\t\t\t<div class=\"elementor-spacer-inner\"><\/div>\n\t\t<\/div>\n\t\t\t\t\t\t<\/div>\n\t\t\t\t\t<\/div>\n\t\t\t\t<\/div>\n\t\t\t\t<\/div>","protected":false},"excerpt":{"rendered":"<p>Experiencias Experiencia aplicada en proyectos estrat\u00e9gicos Cont\u00e1ctanos Operamos con solvencia t\u00e9cnica, criterio multilateral y tecnolog\u00eda avanzada Ejecuci\u00f3n en escenarios reales con modelo aplicado en territorio Los proyectos desarrollados por Antroproyectos reflejan la aplicaci\u00f3n operativa de nuestro modelo integral en distintos contextos territoriales de la regi\u00f3n. Cada intervenci\u00f3n se orienta a estructurar la viabilidad del proyecto [&hellip;]<\/p>\n","protected":false},"author":1,"featured_media":0,"parent":0,"menu_order":0,"comment_status":"closed","ping_status":"closed","template":"","meta":{"footnotes":""},"class_list":["post-540","page","type-page","status-publish","hentry"],"_hostinger_reach_plugin_has_subscription_block":false,"_hostinger_reach_plugin_is_elementor":false,"_links":{"self":[{"href":"https:\/\/antroproyectos2026.strattos.online\/en\/wp-json\/wp\/v2\/pages\/540","targetHints":{"allow":["GET"]}}],"collection":[{"href":"https:\/\/antroproyectos2026.strattos.online\/en\/wp-json\/wp\/v2\/pages"}],"about":[{"href":"https:\/\/antroproyectos2026.strattos.online\/en\/wp-json\/wp\/v2\/types\/page"}],"author":[{"embeddable":true,"href":"https:\/\/antroproyectos2026.strattos.online\/en\/wp-json\/wp\/v2\/users\/1"}],"replies":[{"embeddable":true,"href":"https:\/\/antroproyectos2026.strattos.online\/en\/wp-json\/wp\/v2\/comments?post=540"}],"version-history":[{"count":121,"href":"https:\/\/antroproyectos2026.strattos.online\/en\/wp-json\/wp\/v2\/pages\/540\/revisions"}],"predecessor-version":[{"id":2883,"href":"https:\/\/antroproyectos2026.strattos.online\/en\/wp-json\/wp\/v2\/pages\/540\/revisions\/2883"}],"wp:attachment":[{"href":"https:\/\/antroproyectos2026.strattos.online\/en\/wp-json\/wp\/v2\/media?parent=540"}],"curies":[{"name":"wp","href":"https:\/\/api.w.org\/{rel}","templated":true}]}}